{"id":763,"date":"2020-12-07T22:42:59","date_gmt":"2020-12-07T21:42:59","guid":{"rendered":"http:\/\/nordic-issuing.se\/?page_id=763"},"modified":"2026-04-22T08:42:19","modified_gmt":"2026-04-22T06:42:19","slug":"authorisations","status":"publish","type":"page","link":"https:\/\/nordic-issuing.se\/en\/about-us\/authorisations\/","title":{"rendered":"Owners, board and managment"},"content":{"rendered":"<p><strong>Owners, board, and management<\/strong><\/p>\n<h3>Spotlight Group AB<\/h3>\n<p>Nordic Issuing AB is a wholly owned subsidiary within Spotlight Group, a group consisting of independent companies with a common purpose \u2013 to help businesses grow. The parent company is listed on its own, wholly owned, trading venue Spotlight Stock Market. Information about Spotlight Stock Market is available at www.spotlightstockmarket.com. The largest owner is Staffan Persson (through companies) who holds approximately 36 percent of the shares. The Sal\u00e9n family via companies and Erik \u00c5fors via companies are also owners. Chairman of the Board of Spotlight Group is Sara Uhl\u00e9n and the CEO is Peter G\u00f6nczi. Information about Spotlight Group is available at www.spotlightgroup.se.<\/p>\n<h3>Board<\/h3>\n<p>Peter G\u00f6nczi, Chairman of the Board<br \/>\nMarkus Neuding, board member<br \/>\nMikael Renck, board member and CFO<br \/>\nChristopher \u00c5kerblom, Acting CEO<br \/>\nIda Nordehammar, board member and CEO (parental leave)<\/p>\n<h3>About the board<\/h3>\n<p>Nordic Issuing&#8217;s owner, Spotlight Group AB, has set the following assessment criteria and made the following assessment of the Board&#8217;s composition:<\/p>\n<ul>\n<li>Qualities that are central to Nordic Issuing&#8217;s board<\/li>\n<\/ul>\n<p>Nordic Issuing shall consider and strive for a broad competence and a broad set of characteristics and knowledge when appointing board members.<\/p>\n<p>When recruiting new board members, Nordic Issuing shall take into account the competence, experience and background of each member in order to ensure that Nordic Issuing has a suitable board composition. The composition shall be deemed appropriate with regard to Nordic Issuing&#8217;s operations, development stage and other conditions. The composition of the board must also be appropriate to meet the needs of the business. When it comes to the composition of the board and recruitment of new members, the requirements placed on the board&#8217;s knowledge, commitment and diversity must be taken into account. To the extent possible, in order to promote independent opinions and critical questioning, board member diversification regarding the following should be taken into account:<\/p>\n<ul>\n<li>age,<\/li>\n<li>sex<\/li>\n<li>geographical origin, and<\/li>\n<li>education and professional background.<\/li>\n<\/ul>\n<p>In addition, the following experiences are considered central to the need for competence within the Board:<\/p>\n<ul>\n<li>general legal knowledge,<\/li>\n<li>securities law,<\/li>\n<li>risk management, compliance and internal audit,<\/li>\n<li>financial control and governance,<\/li>\n<li>financial accounting and reporting,<\/li>\n<li>information technology and information security,<\/li>\n<li>knowledge of Nordic Issuing&#8217;s market and market requirements,<\/li>\n<li>experience from board work,<\/li>\n<li>the member&#8217;s independence in relation to Nordic Issuing, its owners and management.<\/li>\n<\/ul>\n<p>The composition of the board shall also comply with the applicable requirements set by the European Banking Authority&#8217;s (EBA) guidelines for suitability assessments of members of management bodies and senior executives (EBA\/GL\/2021\/06) and other relevant rules in the securities market.<\/p>\n<ul>\n<li>Spotlight Group AB&#8217;s assessment of how the board&#8217;s competence composition meets Nordic Issuing&#8217;s needs in accordance with paragraph 1 is summarized as follows:<\/li>\n<\/ul>\n<p>Markus Neuding meets the above requirements regarding general legal knowledge,<\/p>\n<p>Peter G\u00f6nczi and Markus Neuding meet the above requirements regarding knowledge in securities law and risk control, compliance and governance. In addition, Nordic Issuing and the Board have a broad and close collaboration with Nordic Issuing&#8217;s compliance function, which has an active role in the board&#8217;s work with compliance and risk control.<\/p>\n<p>Mikael Renck and Peter G\u00f6nczi meet the above requirements regarding knowledge of financial control and governance, financial accounting and reporting, as well as information technology and information security.<\/p>\n<p>All members meet the above requirements regarding knowledge of Nordic Issuing&#8217;s market and market requirements. Peter G\u00f6nczi, Markus Neuding, and Mikael Renck meet the above requirements regarding experience of board work.<\/p>\n<p><u>Management<\/u><\/p>\n<p>Nordic Issuing&#8217;s management consists of Christopher \u00c5kerblom, Ida Nordehammar, Peter G\u00f6nczi, Markus Neuding och Mikael Renck. The management&#8217;s mission is to implement directives and guidelines communicated by the board, lead the organization&#8217;s development internally and externally, act for long-term relationships and increased trust from customers, suppliers, and the market, and to safeguard good internal relationships and a long-term strategy to attract and retain competent staff.<\/p>\n","protected":false},"excerpt":{"rendered":"<p>Owners, board, and management Spotlight Group AB Nordic Issuing AB is a wholly owned subsidiary within Spotlight Group, a group consisting of independent companies with a common purpose \u2013 to help businesses grow. The parent company is listed on its own, wholly owned, trading venue Spotlight Stock Market. Information about Spotlight Stock Market is available [&hellip;]<\/p>\n","protected":false},"author":4,"featured_media":0,"parent":756,"menu_order":30,"comment_status":"closed","ping_status":"closed","template":"","meta":{"_acf_changed":false,"footnotes":""},"class_list":["post-763","page","type-page","status-publish","hentry"],"acf":[],"yoast_head":"<!-- This site is optimized with the Yoast SEO plugin v27.0 - https:\/\/yoast.com\/product\/yoast-seo-wordpress\/ -->\n<title>Owners, board and managment | Nordic Issuing<\/title>\n<meta name=\"robots\" content=\"index, follow, max-snippet:-1, max-image-preview:large, max-video-preview:-1\" \/>\n<link rel=\"canonical\" href=\"https:\/\/nordic-issuing.se\/en\/about-us\/authorisations\/\" \/>\n<meta property=\"og:locale\" content=\"en_US\" \/>\n<meta property=\"og:type\" content=\"article\" \/>\n<meta property=\"og:title\" content=\"Owners, board and managment | Nordic Issuing\" \/>\n<meta property=\"og:description\" content=\"Owners, board, and management Spotlight Group AB Nordic Issuing AB is a wholly owned subsidiary within Spotlight Group, a group consisting of independent companies with a common purpose \u2013 to help businesses grow. The parent company is listed on its own, wholly owned, trading venue Spotlight Stock Market. Information about Spotlight Stock Market is available [&hellip;]\" \/>\n<meta property=\"og:url\" content=\"https:\/\/nordic-issuing.se\/en\/about-us\/authorisations\/\" \/>\n<meta property=\"og:site_name\" content=\"Nordic Issuing\" \/>\n<meta property=\"article:modified_time\" content=\"2026-04-22T06:42:19+00:00\" \/>\n<meta name=\"twitter:card\" content=\"summary_large_image\" \/>\n<meta name=\"twitter:label1\" content=\"Est. reading time\" \/>\n\t<meta name=\"twitter:data1\" content=\"4 minutes\" \/>\n<script type=\"application\/ld+json\" class=\"yoast-schema-graph\">{\"@context\":\"https:\/\/schema.org\",\"@graph\":[{\"@type\":\"WebPage\",\"@id\":\"https:\/\/nordic-issuing.se\/en\/about-us\/authorisations\/\",\"url\":\"https:\/\/nordic-issuing.se\/en\/about-us\/authorisations\/\",\"name\":\"Owners, board and managment | Nordic Issuing\",\"isPartOf\":{\"@id\":\"https:\/\/nordic-issuing.se\/en\/#website\"},\"datePublished\":\"2020-12-07T21:42:59+00:00\",\"dateModified\":\"2026-04-22T06:42:19+00:00\",\"breadcrumb\":{\"@id\":\"https:\/\/nordic-issuing.se\/en\/about-us\/authorisations\/#breadcrumb\"},\"inLanguage\":\"en-US\",\"potentialAction\":[{\"@type\":\"ReadAction\",\"target\":[\"https:\/\/nordic-issuing.se\/en\/about-us\/authorisations\/\"]}]},{\"@type\":\"BreadcrumbList\",\"@id\":\"https:\/\/nordic-issuing.se\/en\/about-us\/authorisations\/#breadcrumb\",\"itemListElement\":[{\"@type\":\"ListItem\",\"position\":1,\"name\":\"Hem\",\"item\":\"https:\/\/nordic-issuing.se\/en\/\"},{\"@type\":\"ListItem\",\"position\":2,\"name\":\"About us\",\"item\":\"https:\/\/nordic-issuing.se\/en\/about-us\/\"},{\"@type\":\"ListItem\",\"position\":3,\"name\":\"Owners, board and managment\"}]},{\"@type\":\"WebSite\",\"@id\":\"https:\/\/nordic-issuing.se\/en\/#website\",\"url\":\"https:\/\/nordic-issuing.se\/en\/\",\"name\":\"Nordic Issuing\",\"description\":\"En engagerad och p\u00e5litlig partner f\u00f6r nordiska transaktioner\",\"publisher\":{\"@id\":\"https:\/\/nordic-issuing.se\/en\/#organization\"},\"potentialAction\":[{\"@type\":\"SearchAction\",\"target\":{\"@type\":\"EntryPoint\",\"urlTemplate\":\"https:\/\/nordic-issuing.se\/en\/?s={search_term_string}\"},\"query-input\":{\"@type\":\"PropertyValueSpecification\",\"valueRequired\":true,\"valueName\":\"search_term_string\"}}],\"inLanguage\":\"en-US\"},{\"@type\":\"Organization\",\"@id\":\"https:\/\/nordic-issuing.se\/en\/#organization\",\"name\":\"Nordic Issuing\",\"url\":\"https:\/\/nordic-issuing.se\/en\/\",\"logo\":{\"@type\":\"ImageObject\",\"inLanguage\":\"en-US\",\"@id\":\"https:\/\/nordic-issuing.se\/en\/#\/schema\/logo\/image\/\",\"url\":\"https:\/\/nordic-issuing.se\/wp-content\/uploads\/nordic-issuing-logotype.png\",\"contentUrl\":\"https:\/\/nordic-issuing.se\/wp-content\/uploads\/nordic-issuing-logotype.png\",\"width\":558,\"height\":104,\"caption\":\"Nordic Issuing\"},\"image\":{\"@id\":\"https:\/\/nordic-issuing.se\/en\/#\/schema\/logo\/image\/\"}}]}<\/script>\n<!-- \/ Yoast SEO plugin. -->","yoast_head_json":{"title":"Owners, board and managment | Nordic Issuing","robots":{"index":"index","follow":"follow","max-snippet":"max-snippet:-1","max-image-preview":"max-image-preview:large","max-video-preview":"max-video-preview:-1"},"canonical":"https:\/\/nordic-issuing.se\/en\/about-us\/authorisations\/","og_locale":"en_US","og_type":"article","og_title":"Owners, board and managment | Nordic Issuing","og_description":"Owners, board, and management Spotlight Group AB Nordic Issuing AB is a wholly owned subsidiary within Spotlight Group, a group consisting of independent companies with a common purpose \u2013 to help businesses grow. The parent company is listed on its own, wholly owned, trading venue Spotlight Stock Market. Information about Spotlight Stock Market is available [&hellip;]","og_url":"https:\/\/nordic-issuing.se\/en\/about-us\/authorisations\/","og_site_name":"Nordic Issuing","article_modified_time":"2026-04-22T06:42:19+00:00","twitter_card":"summary_large_image","twitter_misc":{"Est. reading time":"4 minutes"},"schema":{"@context":"https:\/\/schema.org","@graph":[{"@type":"WebPage","@id":"https:\/\/nordic-issuing.se\/en\/about-us\/authorisations\/","url":"https:\/\/nordic-issuing.se\/en\/about-us\/authorisations\/","name":"Owners, board and managment | Nordic Issuing","isPartOf":{"@id":"https:\/\/nordic-issuing.se\/en\/#website"},"datePublished":"2020-12-07T21:42:59+00:00","dateModified":"2026-04-22T06:42:19+00:00","breadcrumb":{"@id":"https:\/\/nordic-issuing.se\/en\/about-us\/authorisations\/#breadcrumb"},"inLanguage":"en-US","potentialAction":[{"@type":"ReadAction","target":["https:\/\/nordic-issuing.se\/en\/about-us\/authorisations\/"]}]},{"@type":"BreadcrumbList","@id":"https:\/\/nordic-issuing.se\/en\/about-us\/authorisations\/#breadcrumb","itemListElement":[{"@type":"ListItem","position":1,"name":"Hem","item":"https:\/\/nordic-issuing.se\/en\/"},{"@type":"ListItem","position":2,"name":"About us","item":"https:\/\/nordic-issuing.se\/en\/about-us\/"},{"@type":"ListItem","position":3,"name":"Owners, board and managment"}]},{"@type":"WebSite","@id":"https:\/\/nordic-issuing.se\/en\/#website","url":"https:\/\/nordic-issuing.se\/en\/","name":"Nordic Issuing","description":"En engagerad och p\u00e5litlig partner f\u00f6r nordiska transaktioner","publisher":{"@id":"https:\/\/nordic-issuing.se\/en\/#organization"},"potentialAction":[{"@type":"SearchAction","target":{"@type":"EntryPoint","urlTemplate":"https:\/\/nordic-issuing.se\/en\/?s={search_term_string}"},"query-input":{"@type":"PropertyValueSpecification","valueRequired":true,"valueName":"search_term_string"}}],"inLanguage":"en-US"},{"@type":"Organization","@id":"https:\/\/nordic-issuing.se\/en\/#organization","name":"Nordic Issuing","url":"https:\/\/nordic-issuing.se\/en\/","logo":{"@type":"ImageObject","inLanguage":"en-US","@id":"https:\/\/nordic-issuing.se\/en\/#\/schema\/logo\/image\/","url":"https:\/\/nordic-issuing.se\/wp-content\/uploads\/nordic-issuing-logotype.png","contentUrl":"https:\/\/nordic-issuing.se\/wp-content\/uploads\/nordic-issuing-logotype.png","width":558,"height":104,"caption":"Nordic Issuing"},"image":{"@id":"https:\/\/nordic-issuing.se\/en\/#\/schema\/logo\/image\/"}}]}},"_links":{"self":[{"href":"https:\/\/nordic-issuing.se\/en\/wp-json\/wp\/v2\/pages\/763","targetHints":{"allow":["GET"]}}],"collection":[{"href":"https:\/\/nordic-issuing.se\/en\/wp-json\/wp\/v2\/pages"}],"about":[{"href":"https:\/\/nordic-issuing.se\/en\/wp-json\/wp\/v2\/types\/page"}],"author":[{"embeddable":true,"href":"https:\/\/nordic-issuing.se\/en\/wp-json\/wp\/v2\/users\/4"}],"replies":[{"embeddable":true,"href":"https:\/\/nordic-issuing.se\/en\/wp-json\/wp\/v2\/comments?post=763"}],"version-history":[{"count":11,"href":"https:\/\/nordic-issuing.se\/en\/wp-json\/wp\/v2\/pages\/763\/revisions"}],"predecessor-version":[{"id":7353,"href":"https:\/\/nordic-issuing.se\/en\/wp-json\/wp\/v2\/pages\/763\/revisions\/7353"}],"up":[{"embeddable":true,"href":"https:\/\/nordic-issuing.se\/en\/wp-json\/wp\/v2\/pages\/756"}],"wp:attachment":[{"href":"https:\/\/nordic-issuing.se\/en\/wp-json\/wp\/v2\/media?parent=763"}],"curies":[{"name":"wp","href":"https:\/\/api.w.org\/{rel}","templated":true}]}}